{"id":4324,"date":"2016-04-11T19:55:06","date_gmt":"2016-04-11T19:55:06","guid":{"rendered":"http:\/\/guarara.mg.gov.br\/wp\/?page_id=4324"},"modified":"2026-04-07T22:10:09","modified_gmt":"2026-04-07T22:10:09","slug":"relatorio-resumido-de-execucao-orcamentaria-simplificado","status":"publish","type":"page","link":"https:\/\/www.guarara.mg.gov.br\/wp\/relatorio-resumido-de-execucao-orcamentaria-simplificado\/","title":{"rendered":"Relat\u00f3rio Resumido de Execu\u00e7\u00e3o Or\u00e7ament\u00e1ria Simplificado"},"content":{"rendered":"<div class='w3eden'>\n    <div class=''>\n\n        <form method=\"get\" class=\"\" data-container=\"#content_wpdm_package_1\" id=\"sc_form_wpdm_package_1\" style=\"margin-bottom: 15px\">\n    \n            <div class=\"card panel panel-default wpdm-shortcode-toolbar\">\n                <div class=\"card-body panel-body\">\n                    <div class=\"row\">\n                        <div class=\"col-lg-6 col-md-12\">\n                            <input type=\"search\" name=\"skw\" value=\"\" placeholder=\"Search Keyword...\" class=\"form-control\" \/>\n                        <\/div>\n                        <div class=\"col-lg-2 col-md-4\">\n                            <select name=\"orderby\" class=\"wpdm-custom-select custom-select\">\n                                <option value=\"date\" disabled=\"disabled\">Order By:<\/option>\n                                <option value=\"date\" > Data de Publica\u00e7\u00e3o<\/option>\n                                <option value=\"title\" >T\u00edtulo<\/option>\n                                <option value=\"update_date\" > Data de atualiza\u00e7\u00e3o<\/option>\n                                <option value=\"downloads\" >Downloads<\/option>\n                                <option value=\"views\" >Views<\/option>\n                            <\/select>\n                        <\/div>\n                        <div class=\"col-lg-2 col-md-4\">\n                            <select name=\"order\" class=\"wpdm-custom-select custom-select\">\n                                <option value=\"desc\" disabled=\"disabled\">Order:<\/option>\n                                <option value=\"desc\" >Descending<\/option>\n                                <option value=\"asc\" >Ascending<\/option>\n                            <\/select>\n                        <\/div>\n                        <div class=\"col-lg-2 col-md-4\">\n                            <button type=\"submit\" class=\"btn btn-info btn-block\">Apply Filter<\/button>\n                        <\/div>\n                    <\/div>\n                <\/div>\n            <\/div>\n\n            <\/form>\n<div class=\"spacer mb-3 d-block clearfix\"><\/div>\n\n        <div id=\"content_wpdm_package_1\">\n            <div class='row'><div class='col-md-12'>No downloads found!<\/div><\/div>            <div style='clear:both'><\/div><div class='text-center'><ul class='pagination wpdm-pagination pagination-centered text-center'><\/ul><\/div><div style='clear:both'><\/div>        <\/div>\n\n        <div style='clear:both'><\/div>\n    <\/div>\n<\/div>\n\n","protected":false},"excerpt":{"rendered":"","protected":false},"author":2,"featured_media":0,"parent":0,"menu_order":0,"comment_status":"closed","ping_status":"closed","template":"","meta":{"ngg_post_thumbnail":0,"footnotes":"","_links_to":"","_links_to_target":""},"class_list":["post-4324","page","type-page","status-publish","hentry"],"yoast_head":"<!-- This site is optimized with the Yoast SEO plugin v27.3 - https:\/\/yoast.com\/product\/yoast-seo-wordpress\/ -->\n<title>Relat\u00f3rio Resumido de Execu\u00e7\u00e3o Or\u00e7ament\u00e1ria Simplificado - Prefeitura Municipal de Guarar\u00e1 - MG<\/title>\n<meta name=\"robots\" content=\"index, follow, max-snippet:-1, max-image-preview:large, max-video-preview:-1\" \/>\n<link rel=\"canonical\" href=\"https:\/\/www.guarara.mg.gov.br\/wp\/relatorio-resumido-de-execucao-orcamentaria-simplificado\/\" \/>\n<meta property=\"og:locale\" content=\"pt_BR\" \/>\n<meta property=\"og:type\" content=\"article\" \/>\n<meta property=\"og:title\" content=\"Relat\u00f3rio Resumido de Execu\u00e7\u00e3o Or\u00e7ament\u00e1ria Simplificado - Prefeitura Municipal de Guarar\u00e1 - MG\" \/>\n<meta property=\"og:url\" content=\"https:\/\/www.guarara.mg.gov.br\/wp\/relatorio-resumido-de-execucao-orcamentaria-simplificado\/\" \/>\n<meta property=\"og:site_name\" content=\"Prefeitura Municipal de Guarar\u00e1 - MG\" \/>\n<meta property=\"article:modified_time\" content=\"2026-04-07T22:10:09+00:00\" \/>\n<meta name=\"twitter:card\" content=\"summary_large_image\" \/>\n<script type=\"application\/ld+json\" class=\"yoast-schema-graph\">{\"@context\":\"https:\\\/\\\/schema.org\",\"@graph\":[{\"@type\":\"WebPage\",\"@id\":\"https:\\\/\\\/www.guarara.mg.gov.br\\\/wp\\\/relatorio-resumido-de-execucao-orcamentaria-simplificado\\\/\",\"url\":\"https:\\\/\\\/www.guarara.mg.gov.br\\\/wp\\\/relatorio-resumido-de-execucao-orcamentaria-simplificado\\\/\",\"name\":\"Relat\u00f3rio Resumido de Execu\u00e7\u00e3o Or\u00e7ament\u00e1ria Simplificado - Prefeitura Municipal de Guarar\u00e1 - MG\",\"isPartOf\":{\"@id\":\"https:\\\/\\\/www.guarara.mg.gov.br\\\/wp\\\/#website\"},\"datePublished\":\"2016-04-11T19:55:06+00:00\",\"dateModified\":\"2026-04-07T22:10:09+00:00\",\"breadcrumb\":{\"@id\":\"https:\\\/\\\/www.guarara.mg.gov.br\\\/wp\\\/relatorio-resumido-de-execucao-orcamentaria-simplificado\\\/#breadcrumb\"},\"inLanguage\":\"pt-BR\",\"potentialAction\":[{\"@type\":\"ReadAction\",\"target\":[\"https:\\\/\\\/www.guarara.mg.gov.br\\\/wp\\\/relatorio-resumido-de-execucao-orcamentaria-simplificado\\\/\"]}]},{\"@type\":\"BreadcrumbList\",\"@id\":\"https:\\\/\\\/www.guarara.mg.gov.br\\\/wp\\\/relatorio-resumido-de-execucao-orcamentaria-simplificado\\\/#breadcrumb\",\"itemListElement\":[{\"@type\":\"ListItem\",\"position\":1,\"name\":\"In\u00edcio\",\"item\":\"https:\\\/\\\/www.guarara.mg.gov.br\\\/wp\\\/\"},{\"@type\":\"ListItem\",\"position\":2,\"name\":\"Relat\u00f3rio Resumido de Execu\u00e7\u00e3o Or\u00e7ament\u00e1ria Simplificado\"}]},{\"@type\":\"WebSite\",\"@id\":\"https:\\\/\\\/www.guarara.mg.gov.br\\\/wp\\\/#website\",\"url\":\"https:\\\/\\\/www.guarara.mg.gov.br\\\/wp\\\/\",\"name\":\"Prefeitura Municipal de Guarar\u00e1 - MG\",\"description\":\"Prefeitura Municipal de Guarar\u00e1 - MG\",\"potentialAction\":[{\"@type\":\"SearchAction\",\"target\":{\"@type\":\"EntryPoint\",\"urlTemplate\":\"https:\\\/\\\/www.guarara.mg.gov.br\\\/wp\\\/?s={search_term_string}\"},\"query-input\":{\"@type\":\"PropertyValueSpecification\",\"valueRequired\":true,\"valueName\":\"search_term_string\"}}],\"inLanguage\":\"pt-BR\"}]}<\/script>\n<!-- \/ Yoast SEO plugin. -->","yoast_head_json":{"title":"Relat\u00f3rio Resumido de Execu\u00e7\u00e3o Or\u00e7ament\u00e1ria Simplificado - Prefeitura Municipal de Guarar\u00e1 - MG","robots":{"index":"index","follow":"follow","max-snippet":"max-snippet:-1","max-image-preview":"max-image-preview:large","max-video-preview":"max-video-preview:-1"},"canonical":"https:\/\/www.guarara.mg.gov.br\/wp\/relatorio-resumido-de-execucao-orcamentaria-simplificado\/","og_locale":"pt_BR","og_type":"article","og_title":"Relat\u00f3rio Resumido de Execu\u00e7\u00e3o Or\u00e7ament\u00e1ria Simplificado - Prefeitura Municipal de Guarar\u00e1 - MG","og_url":"https:\/\/www.guarara.mg.gov.br\/wp\/relatorio-resumido-de-execucao-orcamentaria-simplificado\/","og_site_name":"Prefeitura Municipal de Guarar\u00e1 - MG","article_modified_time":"2026-04-07T22:10:09+00:00","twitter_card":"summary_large_image","schema":{"@context":"https:\/\/schema.org","@graph":[{"@type":"WebPage","@id":"https:\/\/www.guarara.mg.gov.br\/wp\/relatorio-resumido-de-execucao-orcamentaria-simplificado\/","url":"https:\/\/www.guarara.mg.gov.br\/wp\/relatorio-resumido-de-execucao-orcamentaria-simplificado\/","name":"Relat\u00f3rio Resumido de Execu\u00e7\u00e3o Or\u00e7ament\u00e1ria Simplificado - Prefeitura Municipal de Guarar\u00e1 - MG","isPartOf":{"@id":"https:\/\/www.guarara.mg.gov.br\/wp\/#website"},"datePublished":"2016-04-11T19:55:06+00:00","dateModified":"2026-04-07T22:10:09+00:00","breadcrumb":{"@id":"https:\/\/www.guarara.mg.gov.br\/wp\/relatorio-resumido-de-execucao-orcamentaria-simplificado\/#breadcrumb"},"inLanguage":"pt-BR","potentialAction":[{"@type":"ReadAction","target":["https:\/\/www.guarara.mg.gov.br\/wp\/relatorio-resumido-de-execucao-orcamentaria-simplificado\/"]}]},{"@type":"BreadcrumbList","@id":"https:\/\/www.guarara.mg.gov.br\/wp\/relatorio-resumido-de-execucao-orcamentaria-simplificado\/#breadcrumb","itemListElement":[{"@type":"ListItem","position":1,"name":"In\u00edcio","item":"https:\/\/www.guarara.mg.gov.br\/wp\/"},{"@type":"ListItem","position":2,"name":"Relat\u00f3rio Resumido de Execu\u00e7\u00e3o Or\u00e7ament\u00e1ria Simplificado"}]},{"@type":"WebSite","@id":"https:\/\/www.guarara.mg.gov.br\/wp\/#website","url":"https:\/\/www.guarara.mg.gov.br\/wp\/","name":"Prefeitura Municipal de Guarar\u00e1 - MG","description":"Prefeitura Municipal de Guarar\u00e1 - MG","potentialAction":[{"@type":"SearchAction","target":{"@type":"EntryPoint","urlTemplate":"https:\/\/www.guarara.mg.gov.br\/wp\/?s={search_term_string}"},"query-input":{"@type":"PropertyValueSpecification","valueRequired":true,"valueName":"search_term_string"}}],"inLanguage":"pt-BR"}]}},"_links":{"self":[{"href":"https:\/\/www.guarara.mg.gov.br\/wp\/wp-json\/wp\/v2\/pages\/4324","targetHints":{"allow":["GET"]}}],"collection":[{"href":"https:\/\/www.guarara.mg.gov.br\/wp\/wp-json\/wp\/v2\/pages"}],"about":[{"href":"https:\/\/www.guarara.mg.gov.br\/wp\/wp-json\/wp\/v2\/types\/page"}],"author":[{"embeddable":true,"href":"https:\/\/www.guarara.mg.gov.br\/wp\/wp-json\/wp\/v2\/users\/2"}],"replies":[{"embeddable":true,"href":"https:\/\/www.guarara.mg.gov.br\/wp\/wp-json\/wp\/v2\/comments?post=4324"}],"version-history":[{"count":1,"href":"https:\/\/www.guarara.mg.gov.br\/wp\/wp-json\/wp\/v2\/pages\/4324\/revisions"}],"predecessor-version":[{"id":4326,"href":"https:\/\/www.guarara.mg.gov.br\/wp\/wp-json\/wp\/v2\/pages\/4324\/revisions\/4326"}],"wp:attachment":[{"href":"https:\/\/www.guarara.mg.gov.br\/wp\/wp-json\/wp\/v2\/media?parent=4324"}],"curies":[{"name":"wp","href":"https:\/\/api.w.org\/{rel}","templated":true}]}}